{"id":577,"date":"2021-06-27T07:40:53","date_gmt":"2021-06-27T05:40:53","guid":{"rendered":"https:\/\/serwer2121761.home.pl\/autoinstalator\/wordpressplugins2\/?post_type=product&#038;p=577"},"modified":"2026-03-27T14:31:11","modified_gmt":"2026-03-27T13:31:11","slug":"advance-waterborne-interior-alkyd-high-gloss-794","status":"publish","type":"product","link":"https:\/\/benjaminmoore.pl\/en\/produkt\/advance-waterborne-interior-alkyd-high-gloss-794\/","title":{"rendered":"Advance Waterborne Interior\/Exterior Alkyd High Gloss N794"},"content":{"rendered":"<p><img loading=\"lazy\" decoding=\"async\" class=\"alignnone wp-image-12134 size-full\" src=\"https:\/\/benjaminmoore.pl\/wp-content\/uploads\/23-1174900_Image-Re-size-for-Poland-Publication-1200x1200-Kitchen.jpg\" alt=\"\" width=\"1800\" height=\"1800\" srcset=\"https:\/\/benjaminmoore.pl\/wp-content\/uploads\/23-1174900_Image-Re-size-for-Poland-Publication-1200x1200-Kitchen.jpg 1800w, https:\/\/benjaminmoore.pl\/wp-content\/uploads\/23-1174900_Image-Re-size-for-Poland-Publication-1200x1200-Kitchen-300x300.jpg 300w, https:\/\/benjaminmoore.pl\/wp-content\/uploads\/23-1174900_Image-Re-size-for-Poland-Publication-1200x1200-Kitchen-1024x1024.jpg 1024w, https:\/\/benjaminmoore.pl\/wp-content\/uploads\/23-1174900_Image-Re-size-for-Poland-Publication-1200x1200-Kitchen-150x150.jpg 150w, https:\/\/benjaminmoore.pl\/wp-content\/uploads\/23-1174900_Image-Re-size-for-Poland-Publication-1200x1200-Kitchen-768x768.jpg 768w, https:\/\/benjaminmoore.pl\/wp-content\/uploads\/23-1174900_Image-Re-size-for-Poland-Publication-1200x1200-Kitchen-1536x1536.jpg 1536w, https:\/\/benjaminmoore.pl\/wp-content\/uploads\/23-1174900_Image-Re-size-for-Poland-Publication-1200x1200-Kitchen-600x600.jpg 600w, https:\/\/benjaminmoore.pl\/wp-content\/uploads\/23-1174900_Image-Re-size-for-Poland-Publication-1200x1200-Kitchen-100x100.jpg 100w\" sizes=\"auto, (max-width: 1800px) 100vw, 1800px\" \/><\/p>\n<p style=\"text-align: justify;\"><strong>Ekologiczna, wodorozcie\u0144czalna emalia alkidowa do drewna i metalu, wykorzystuj\u0105ca najnowsze, innowacyjne technologie. Tworzy atrakcyjne i odporne wyko\u0144czenie w wysokim stopniu po\u0142ysku.<\/strong><\/p>\n<p><img loading=\"lazy\" decoding=\"async\" class=\"alignnone wp-image-12137 size-full\" src=\"https:\/\/benjaminmoore.pl\/wp-content\/uploads\/benjamn_moore_trendy_2019-30-1.jpg\" alt=\"\" width=\"1800\" height=\"1902\" srcset=\"https:\/\/benjaminmoore.pl\/wp-content\/uploads\/benjamn_moore_trendy_2019-30-1.jpg 1800w, https:\/\/benjaminmoore.pl\/wp-content\/uploads\/benjamn_moore_trendy_2019-30-1-284x300.jpg 284w, https:\/\/benjaminmoore.pl\/wp-content\/uploads\/benjamn_moore_trendy_2019-30-1-969x1024.jpg 969w, https:\/\/benjaminmoore.pl\/wp-content\/uploads\/benjamn_moore_trendy_2019-30-1-768x812.jpg 768w, https:\/\/benjaminmoore.pl\/wp-content\/uploads\/benjamn_moore_trendy_2019-30-1-1454x1536.jpg 1454w, https:\/\/benjaminmoore.pl\/wp-content\/uploads\/benjamn_moore_trendy_2019-30-1-600x634.jpg 600w\" sizes=\"auto, (max-width: 1800px) 100vw, 1800px\" \/><\/p>\n<p style=\"text-align: justify;\"><strong>Idealne po\u0142\u0105czenie ekologii, komfortu stosowania i doskona\u0142ych parametr\u00f3w technicznych z po\u017c\u0105danymi w\u0142a\u015bciwo\u015bciami aplikacyjnymi tradycyjnych rozpuszczalnikowych\u00a0emalii alkidowych.<\/strong><\/p>\n<p><img loading=\"lazy\" decoding=\"async\" class=\"alignnone wp-image-12186 size-full\" src=\"https:\/\/benjaminmoore.pl\/wp-content\/uploads\/Carter_Plum_Bathroom.jpg\" alt=\"\" width=\"1800\" height=\"1800\" srcset=\"https:\/\/benjaminmoore.pl\/wp-content\/uploads\/Carter_Plum_Bathroom.jpg 1800w, https:\/\/benjaminmoore.pl\/wp-content\/uploads\/Carter_Plum_Bathroom-300x300.jpg 300w, https:\/\/benjaminmoore.pl\/wp-content\/uploads\/Carter_Plum_Bathroom-1024x1024.jpg 1024w, https:\/\/benjaminmoore.pl\/wp-content\/uploads\/Carter_Plum_Bathroom-150x150.jpg 150w, https:\/\/benjaminmoore.pl\/wp-content\/uploads\/Carter_Plum_Bathroom-768x768.jpg 768w, https:\/\/benjaminmoore.pl\/wp-content\/uploads\/Carter_Plum_Bathroom-1536x1536.jpg 1536w, https:\/\/benjaminmoore.pl\/wp-content\/uploads\/Carter_Plum_Bathroom-600x600.jpg 600w, https:\/\/benjaminmoore.pl\/wp-content\/uploads\/Carter_Plum_Bathroom-100x100.jpg 100w\" sizes=\"auto, (max-width: 1800px) 100vw, 1800px\" \/><\/p>\n<p style=\"text-align: justify;\">Emalia przeznaczona do dekoracji i ochrony malowanych wcze\u015bniej lub zagruntowanych wewn\u0119trznych* pod\u0142o\u017cy drewnianych i metalowych: drzwi, mebli, futryn, boazerii, element\u00f3w wyko\u0144czeniowych (np. listew przypod\u0142ogowych, balustrad, por\u0119czy, etc.) oraz \u015bcian (np. malowanie lamperii).<\/p>\n<p style=\"text-align: justify;\"><span style=\"font-size: x-small;\"><em>* w przypadku niewielkich fragment\u00f3w pod\u0142o\u017ca, np. metalowych i drewnianych drzwi, futryn, ram okiennych z drewna cedrowego lub sekwoi, produkt mo\u017ce by\u0107 stosowany w zewn\u0119trznej atmosferze. Nie stosowa\u0107 do wyko\u0144czenia zewn\u0119trznych pod\u0142o\u017cy sosnowych lub innych, mi\u0119kkich gatunk\u00f3w drewna.<\/em><\/span><\/p>\n<p><img loading=\"lazy\" decoding=\"async\" class=\"alignnone wp-image-12139 size-full\" src=\"https:\/\/benjaminmoore.pl\/wp-content\/uploads\/Zb_COY2020_GrayKitch_7420_SHIP-1.jpg\" alt=\"\" width=\"1800\" height=\"2113\" srcset=\"https:\/\/benjaminmoore.pl\/wp-content\/uploads\/Zb_COY2020_GrayKitch_7420_SHIP-1.jpg 1800w, https:\/\/benjaminmoore.pl\/wp-content\/uploads\/Zb_COY2020_GrayKitch_7420_SHIP-1-256x300.jpg 256w, https:\/\/benjaminmoore.pl\/wp-content\/uploads\/Zb_COY2020_GrayKitch_7420_SHIP-1-872x1024.jpg 872w, https:\/\/benjaminmoore.pl\/wp-content\/uploads\/Zb_COY2020_GrayKitch_7420_SHIP-1-768x902.jpg 768w, https:\/\/benjaminmoore.pl\/wp-content\/uploads\/Zb_COY2020_GrayKitch_7420_SHIP-1-1308x1536.jpg 1308w, https:\/\/benjaminmoore.pl\/wp-content\/uploads\/Zb_COY2020_GrayKitch_7420_SHIP-1-1745x2048.jpg 1745w, https:\/\/benjaminmoore.pl\/wp-content\/uploads\/Zb_COY2020_GrayKitch_7420_SHIP-1-600x704.jpg 600w\" sizes=\"auto, (max-width: 1800px) 100vw, 1800px\" \/><\/p>\n<ul>\n<li>zagruntowane pod\u0142o\u017ca drewniane, drewnopochodne i metalowe,<\/li>\n<li>tradycyjne wyprawy wapienno-cementowe i cementowe,<\/li>\n<li>cienkowarstwowe tynki mineralne i akrylowe,<\/li>\n<li>g\u0142adzie gipsowe,<\/li>\n<li>p\u0142yty gipsowo-kartonowe,<\/li>\n<li>tapety,<\/li>\n<li>budowlane bloczki konstrukcyjne,<\/li>\n<li>beton,<\/li>\n<li>renowacja pow\u0142ok dyspersyjnych.<\/li>\n<\/ul>\n<p>Istnieje mo\u017cliwo\u015b\u0107 aplikacji emalii na odpowiednio przygotowane i zagruntowane pod\u0142o\u017ca szklane, ceramiczne, np. p\u0142ytki ceramiczne oraz pod\u0142o\u017ca z w\u0142\u00f3kna szklanego przy u\u017cyciu promotora adhezji <a href=\"https:\/\/benjaminmoore.pl\/produkt\/stix-waterborne-bonding-primer-sxa-110\/\" target=\"_blank\" rel=\"noopener\">STIX marki INSL-X<\/a>.<\/p>\n<p><img loading=\"lazy\" decoding=\"async\" class=\"alignnone wp-image-12147 size-full\" src=\"https:\/\/benjaminmoore.pl\/wp-content\/uploads\/05_BenjaminMoore_ColorTrends_2021_AegeanTeal_300dpi-3.jpg\" alt=\"\" width=\"1800\" height=\"2005\" srcset=\"https:\/\/benjaminmoore.pl\/wp-content\/uploads\/05_BenjaminMoore_ColorTrends_2021_AegeanTeal_300dpi-3.jpg 1800w, https:\/\/benjaminmoore.pl\/wp-content\/uploads\/05_BenjaminMoore_ColorTrends_2021_AegeanTeal_300dpi-3-269x300.jpg 269w, https:\/\/benjaminmoore.pl\/wp-content\/uploads\/05_BenjaminMoore_ColorTrends_2021_AegeanTeal_300dpi-3-919x1024.jpg 919w, https:\/\/benjaminmoore.pl\/wp-content\/uploads\/05_BenjaminMoore_ColorTrends_2021_AegeanTeal_300dpi-3-768x855.jpg 768w, https:\/\/benjaminmoore.pl\/wp-content\/uploads\/05_BenjaminMoore_ColorTrends_2021_AegeanTeal_300dpi-3-1379x1536.jpg 1379w, https:\/\/benjaminmoore.pl\/wp-content\/uploads\/05_BenjaminMoore_ColorTrends_2021_AegeanTeal_300dpi-3-600x668.jpg 600w\" sizes=\"auto, (max-width: 1800px) 100vw, 1800px\" \/><\/p>\n<p style=\"text-align: justify;\">Produkt barwiony jest w ekologicznym systemie <a href=\"https:\/\/benjaminmoore.pl\/kolory-z-hologramem\/\">Gennex<sup>\u00ae<\/sup> Platform<\/a>, bazuj\u0105cym na kolorantach o \u015bladowej zawarto\u015bci lotnych zwi\u0105zk\u00f3w organicznych (LZO).<\/p>\n<p><img loading=\"lazy\" decoding=\"async\" class=\"alignnone wp-image-12141 size-full\" src=\"https:\/\/benjaminmoore.pl\/wp-content\/uploads\/benjamin_moore_przedpokoj-9.jpg\" alt=\"\" width=\"1800\" height=\"2222\" srcset=\"https:\/\/benjaminmoore.pl\/wp-content\/uploads\/benjamin_moore_przedpokoj-9.jpg 1800w, https:\/\/benjaminmoore.pl\/wp-content\/uploads\/benjamin_moore_przedpokoj-9-243x300.jpg 243w, https:\/\/benjaminmoore.pl\/wp-content\/uploads\/benjamin_moore_przedpokoj-9-830x1024.jpg 830w, https:\/\/benjaminmoore.pl\/wp-content\/uploads\/benjamin_moore_przedpokoj-9-768x948.jpg 768w, https:\/\/benjaminmoore.pl\/wp-content\/uploads\/benjamin_moore_przedpokoj-9-1244x1536.jpg 1244w, https:\/\/benjaminmoore.pl\/wp-content\/uploads\/benjamin_moore_przedpokoj-9-1659x2048.jpg 1659w, https:\/\/benjaminmoore.pl\/wp-content\/uploads\/benjamin_moore_przedpokoj-9-600x741.jpg 600w\" sizes=\"auto, (max-width: 1800px) 100vw, 1800px\" \/><\/p>\n","protected":false},"excerpt":{"rendered":"<p style=\"text-align: justify;\">Nowej generacji, wodorozcie\u0144czalna, wewn\u0119trzna emalia alkidowa do drewna i metalu. Wysoki po\u0142ysk.<\/p>\n","protected":false},"featured_media":11009,"template":"","meta":{"_acf_changed":false,"inline_featured_image":false},"product_brand":[],"product_cat":[28],"product_tag":[],"class_list":{"0":"post-577","1":"product","2":"type-product","3":"status-publish","4":"has-post-thumbnail","6":"product_cat-wnetrza","8":"first","9":"instock","10":"taxable","11":"shipping-taxable","12":"purchasable","13":"product-type-variable"},"acf":[],"yoast_head":"<!-- This site is optimized with the Yoast SEO plugin v27.3 - https:\/\/yoast.com\/product\/yoast-seo-wordpress\/ -->\n<title>Advance Waterborne Interior\/Exterior Alkyd High Gloss N794 - Benjamin Moore Paints<\/title>\n<meta name=\"robots\" content=\"index, follow, max-snippet:-1, max-image-preview:large, max-video-preview:-1\" \/>\n<link rel=\"canonical\" href=\"https:\/\/benjaminmoore.pl\/produkt\/advance-waterborne-interior-alkyd-high-gloss-794\/\" \/>\n<meta property=\"og:locale\" content=\"en_US\" \/>\n<meta property=\"og:type\" content=\"article\" \/>\n<meta property=\"og:title\" content=\"Advance Waterborne Interior\/Exterior Alkyd High Gloss N794 - Benjamin Moore Paints\" \/>\n<meta property=\"og:description\" content=\"Nowej generacji, wodorozcie\u0144czalna, wewn\u0119trzna emalia alkidowa do drewna i metalu. Wysoki po\u0142ysk.\" \/>\n<meta property=\"og:url\" content=\"https:\/\/benjaminmoore.pl\/produkt\/advance-waterborne-interior-alkyd-high-gloss-794\/\" \/>\n<meta property=\"og:site_name\" content=\"Benjamin Moore Paints\" \/>\n<meta property=\"article:modified_time\" content=\"2026-03-27T13:31:11+00:00\" \/>\n<meta property=\"og:image\" content=\"https:\/\/benjaminmoore.pl\/wp-content\/uploads\/N794.png\" \/>\n\t<meta property=\"og:image:width\" content=\"200\" \/>\n\t<meta property=\"og:image:height\" content=\"234\" \/>\n\t<meta property=\"og:image:type\" content=\"image\/png\" \/>\n<meta name=\"twitter:card\" content=\"summary_large_image\" \/>\n<meta name=\"twitter:label1\" content=\"Est. reading time\" \/>\n\t<meta name=\"twitter:data1\" content=\"3 minutes\" \/>\n<script type=\"application\/ld+json\" class=\"yoast-schema-graph\">{\"@context\":\"https:\\\/\\\/schema.org\",\"@graph\":[{\"@type\":\"WebPage\",\"@id\":\"https:\\\/\\\/benjaminmoore.pl\\\/produkt\\\/advance-waterborne-interior-alkyd-high-gloss-794\\\/\",\"url\":\"https:\\\/\\\/benjaminmoore.pl\\\/produkt\\\/advance-waterborne-interior-alkyd-high-gloss-794\\\/\",\"name\":\"Advance Waterborne Interior\\\/Exterior Alkyd High Gloss N794 - Benjamin Moore Paints\",\"isPartOf\":{\"@id\":\"https:\\\/\\\/benjaminmoore.pl\\\/#website\"},\"primaryImageOfPage\":{\"@id\":\"https:\\\/\\\/benjaminmoore.pl\\\/produkt\\\/advance-waterborne-interior-alkyd-high-gloss-794\\\/#primaryimage\"},\"image\":{\"@id\":\"https:\\\/\\\/benjaminmoore.pl\\\/produkt\\\/advance-waterborne-interior-alkyd-high-gloss-794\\\/#primaryimage\"},\"thumbnailUrl\":\"https:\\\/\\\/benjaminmoore.pl\\\/wp-content\\\/uploads\\\/N794.png\",\"datePublished\":\"2021-06-27T05:40:53+00:00\",\"dateModified\":\"2026-03-27T13:31:11+00:00\",\"breadcrumb\":{\"@id\":\"https:\\\/\\\/benjaminmoore.pl\\\/produkt\\\/advance-waterborne-interior-alkyd-high-gloss-794\\\/#breadcrumb\"},\"inLanguage\":\"en-US\",\"potentialAction\":[{\"@type\":\"ReadAction\",\"target\":[\"https:\\\/\\\/benjaminmoore.pl\\\/produkt\\\/advance-waterborne-interior-alkyd-high-gloss-794\\\/\"]}]},{\"@type\":\"ImageObject\",\"inLanguage\":\"en-US\",\"@id\":\"https:\\\/\\\/benjaminmoore.pl\\\/produkt\\\/advance-waterborne-interior-alkyd-high-gloss-794\\\/#primaryimage\",\"url\":\"https:\\\/\\\/benjaminmoore.pl\\\/wp-content\\\/uploads\\\/N794.png\",\"contentUrl\":\"https:\\\/\\\/benjaminmoore.pl\\\/wp-content\\\/uploads\\\/N794.png\",\"width\":200,\"height\":234},{\"@type\":\"BreadcrumbList\",\"@id\":\"https:\\\/\\\/benjaminmoore.pl\\\/produkt\\\/advance-waterborne-interior-alkyd-high-gloss-794\\\/#breadcrumb\",\"itemListElement\":[{\"@type\":\"ListItem\",\"position\":1,\"name\":\"Home\",\"item\":\"https:\\\/\\\/benjaminmoore.pl\\\/\"},{\"@type\":\"ListItem\",\"position\":2,\"name\":\"Sklep\",\"item\":\"https:\\\/\\\/benjaminmoore.pl\\\/sklep\\\/\"},{\"@type\":\"ListItem\",\"position\":3,\"name\":\"Wn\u0119trza\",\"item\":\"https:\\\/\\\/benjaminmoore.pl\\\/kategoria-produktu\\\/wnetrza\\\/\"},{\"@type\":\"ListItem\",\"position\":4,\"name\":\"Advance Waterborne Interior\\\/Exterior Alkyd High Gloss N794\"}]},{\"@type\":\"WebSite\",\"@id\":\"https:\\\/\\\/benjaminmoore.pl\\\/#website\",\"url\":\"https:\\\/\\\/benjaminmoore.pl\\\/\",\"name\":\"Benjamin Moore Paints\",\"description\":\"\",\"potentialAction\":[{\"@type\":\"SearchAction\",\"target\":{\"@type\":\"EntryPoint\",\"urlTemplate\":\"https:\\\/\\\/benjaminmoore.pl\\\/?s={search_term_string}\"},\"query-input\":{\"@type\":\"PropertyValueSpecification\",\"valueRequired\":true,\"valueName\":\"search_term_string\"}}],\"inLanguage\":\"en-US\"}]}<\/script>\n<!-- \/ Yoast SEO plugin. -->","yoast_head_json":{"title":"Advance Waterborne Interior\/Exterior Alkyd High Gloss N794 - Benjamin Moore Paints","robots":{"index":"index","follow":"follow","max-snippet":"max-snippet:-1","max-image-preview":"max-image-preview:large","max-video-preview":"max-video-preview:-1"},"canonical":"https:\/\/benjaminmoore.pl\/produkt\/advance-waterborne-interior-alkyd-high-gloss-794\/","og_locale":"en_US","og_type":"article","og_title":"Advance Waterborne Interior\/Exterior Alkyd High Gloss N794 - Benjamin Moore Paints","og_description":"Nowej generacji, wodorozcie\u0144czalna, wewn\u0119trzna emalia alkidowa do drewna i metalu. Wysoki po\u0142ysk.","og_url":"https:\/\/benjaminmoore.pl\/produkt\/advance-waterborne-interior-alkyd-high-gloss-794\/","og_site_name":"Benjamin Moore Paints","article_modified_time":"2026-03-27T13:31:11+00:00","og_image":[{"width":200,"height":234,"url":"https:\/\/benjaminmoore.pl\/wp-content\/uploads\/N794.png","type":"image\/png"}],"twitter_card":"summary_large_image","twitter_misc":{"Est. reading time":"3 minutes"},"schema":{"@context":"https:\/\/schema.org","@graph":[{"@type":"WebPage","@id":"https:\/\/benjaminmoore.pl\/produkt\/advance-waterborne-interior-alkyd-high-gloss-794\/","url":"https:\/\/benjaminmoore.pl\/produkt\/advance-waterborne-interior-alkyd-high-gloss-794\/","name":"Advance Waterborne Interior\/Exterior Alkyd High Gloss N794 - Benjamin Moore Paints","isPartOf":{"@id":"https:\/\/benjaminmoore.pl\/#website"},"primaryImageOfPage":{"@id":"https:\/\/benjaminmoore.pl\/produkt\/advance-waterborne-interior-alkyd-high-gloss-794\/#primaryimage"},"image":{"@id":"https:\/\/benjaminmoore.pl\/produkt\/advance-waterborne-interior-alkyd-high-gloss-794\/#primaryimage"},"thumbnailUrl":"https:\/\/benjaminmoore.pl\/wp-content\/uploads\/N794.png","datePublished":"2021-06-27T05:40:53+00:00","dateModified":"2026-03-27T13:31:11+00:00","breadcrumb":{"@id":"https:\/\/benjaminmoore.pl\/produkt\/advance-waterborne-interior-alkyd-high-gloss-794\/#breadcrumb"},"inLanguage":"en-US","potentialAction":[{"@type":"ReadAction","target":["https:\/\/benjaminmoore.pl\/produkt\/advance-waterborne-interior-alkyd-high-gloss-794\/"]}]},{"@type":"ImageObject","inLanguage":"en-US","@id":"https:\/\/benjaminmoore.pl\/produkt\/advance-waterborne-interior-alkyd-high-gloss-794\/#primaryimage","url":"https:\/\/benjaminmoore.pl\/wp-content\/uploads\/N794.png","contentUrl":"https:\/\/benjaminmoore.pl\/wp-content\/uploads\/N794.png","width":200,"height":234},{"@type":"BreadcrumbList","@id":"https:\/\/benjaminmoore.pl\/produkt\/advance-waterborne-interior-alkyd-high-gloss-794\/#breadcrumb","itemListElement":[{"@type":"ListItem","position":1,"name":"Home","item":"https:\/\/benjaminmoore.pl\/"},{"@type":"ListItem","position":2,"name":"Sklep","item":"https:\/\/benjaminmoore.pl\/sklep\/"},{"@type":"ListItem","position":3,"name":"Wn\u0119trza","item":"https:\/\/benjaminmoore.pl\/kategoria-produktu\/wnetrza\/"},{"@type":"ListItem","position":4,"name":"Advance Waterborne Interior\/Exterior Alkyd High Gloss N794"}]},{"@type":"WebSite","@id":"https:\/\/benjaminmoore.pl\/#website","url":"https:\/\/benjaminmoore.pl\/","name":"Benjamin Moore Paints","description":"","potentialAction":[{"@type":"SearchAction","target":{"@type":"EntryPoint","urlTemplate":"https:\/\/benjaminmoore.pl\/?s={search_term_string}"},"query-input":{"@type":"PropertyValueSpecification","valueRequired":true,"valueName":"search_term_string"}}],"inLanguage":"en-US"}]}},"_links":{"self":[{"href":"https:\/\/benjaminmoore.pl\/en\/wp-json\/wp\/v2\/product\/577","targetHints":{"allow":["GET"]}}],"collection":[{"href":"https:\/\/benjaminmoore.pl\/en\/wp-json\/wp\/v2\/product"}],"about":[{"href":"https:\/\/benjaminmoore.pl\/en\/wp-json\/wp\/v2\/types\/product"}],"wp:featuredmedia":[{"embeddable":true,"href":"https:\/\/benjaminmoore.pl\/en\/wp-json\/wp\/v2\/media\/11009"}],"wp:attachment":[{"href":"https:\/\/benjaminmoore.pl\/en\/wp-json\/wp\/v2\/media?parent=577"}],"wp:term":[{"taxonomy":"product_brand","embeddable":true,"href":"https:\/\/benjaminmoore.pl\/en\/wp-json\/wp\/v2\/product_brand?post=577"},{"taxonomy":"product_cat","embeddable":true,"href":"https:\/\/benjaminmoore.pl\/en\/wp-json\/wp\/v2\/product_cat?post=577"},{"taxonomy":"product_tag","embeddable":true,"href":"https:\/\/benjaminmoore.pl\/en\/wp-json\/wp\/v2\/product_tag?post=577"}],"curies":[{"name":"wp","href":"https:\/\/api.w.org\/{rel}","templated":true}]}}