{"id":624,"date":"2021-06-27T09:06:27","date_gmt":"2021-06-27T07:06:27","guid":{"rendered":"https:\/\/serwer2121761.home.pl\/autoinstalator\/wordpressplugins2\/?post_type=product&#038;p=624"},"modified":"2026-03-27T14:13:25","modified_gmt":"2026-03-27T13:13:25","slug":"extender-518","status":"publish","type":"product","link":"https:\/\/benjaminmoore.pl\/en\/produkt\/extender-518\/","title":{"rendered":"Extender 518"},"content":{"rendered":"<p><img loading=\"lazy\" decoding=\"async\" class=\"alignnone wp-image-5787 size-full\" src=\"https:\/\/benjaminmoore.pl\/wp-content\/uploads\/baner_extender_2-2.jpg\" alt=\"\" width=\"1182\" height=\"567\" srcset=\"https:\/\/benjaminmoore.pl\/wp-content\/uploads\/baner_extender_2-2.jpg 1182w, https:\/\/benjaminmoore.pl\/wp-content\/uploads\/baner_extender_2-2-600x288.jpg 600w, https:\/\/benjaminmoore.pl\/wp-content\/uploads\/baner_extender_2-2-300x144.jpg 300w, https:\/\/benjaminmoore.pl\/wp-content\/uploads\/baner_extender_2-2-1024x491.jpg 1024w, https:\/\/benjaminmoore.pl\/wp-content\/uploads\/baner_extender_2-2-768x368.jpg 768w\" sizes=\"auto, (max-width: 1182px) 100vw, 1182px\" \/><\/p>\n<p style=\"text-align: justify;\"><strong>Wysoka temperatura w pomieszczeniu lub nas\u0142onecznienie, niska wilgotno\u015b\u0107 wzgl\u0119dna powietrza (poni\u017cej 45%) lub intensywna wymiana powietrza we wn\u0119trzu<\/strong><\/p>\n<h4><strong>MALOWA\u0106 CZY NIE?<\/strong><\/h4>\n<p><img loading=\"lazy\" decoding=\"async\" class=\"alignnone wp-image-12592 size-full\" src=\"https:\/\/benjaminmoore.pl\/wp-content\/uploads\/BM_Extender_pl.jpg\" alt=\"\" width=\"1800\" height=\"1851\" srcset=\"https:\/\/benjaminmoore.pl\/wp-content\/uploads\/BM_Extender_pl.jpg 1800w, https:\/\/benjaminmoore.pl\/wp-content\/uploads\/BM_Extender_pl-292x300.jpg 292w, https:\/\/benjaminmoore.pl\/wp-content\/uploads\/BM_Extender_pl-996x1024.jpg 996w, https:\/\/benjaminmoore.pl\/wp-content\/uploads\/BM_Extender_pl-768x790.jpg 768w, https:\/\/benjaminmoore.pl\/wp-content\/uploads\/BM_Extender_pl-1494x1536.jpg 1494w, https:\/\/benjaminmoore.pl\/wp-content\/uploads\/BM_Extender_pl-600x617.jpg 600w\" sizes=\"auto, (max-width: 1800px) 100vw, 1800px\" \/><\/p>\n<p style=\"text-align: justify;\"><strong>Z nami nigdy nie staniesz przed tym dylematem.<\/strong>\u00a0Oto idealne narz\u0119dzie do walki z niekorzystnymi warunkami otoczenia.<\/p>\n<p style=\"text-align: justify;\">Preparat <strong>EXTENDER 518<\/strong> dodawany do farb wodorozcie\u0144czalnych, kt\u00f3ry pozwala na prac\u0119 w podwy\u017cszonej temperaturze i niskiej wilgotno\u015bci otoczenia.<\/p>\n<p><strong>Koniec przerwy na kaw\u0119. Malujemy!<\/strong><\/p>\n<p><img loading=\"lazy\" decoding=\"async\" class=\"alignnone wp-image-5792 size-full\" src=\"https:\/\/benjaminmoore.pl\/wp-content\/uploads\/Hat_Paintbrush-1-scaled.jpg\" alt=\"\" width=\"2560\" height=\"1196\" srcset=\"https:\/\/benjaminmoore.pl\/wp-content\/uploads\/Hat_Paintbrush-1-scaled.jpg 2560w, https:\/\/benjaminmoore.pl\/wp-content\/uploads\/Hat_Paintbrush-1-scaled-600x280.jpg 600w, https:\/\/benjaminmoore.pl\/wp-content\/uploads\/Hat_Paintbrush-1-300x140.jpg 300w, https:\/\/benjaminmoore.pl\/wp-content\/uploads\/Hat_Paintbrush-1-1024x478.jpg 1024w, https:\/\/benjaminmoore.pl\/wp-content\/uploads\/Hat_Paintbrush-1-768x359.jpg 768w, https:\/\/benjaminmoore.pl\/wp-content\/uploads\/Hat_Paintbrush-1-1536x718.jpg 1536w, https:\/\/benjaminmoore.pl\/wp-content\/uploads\/Hat_Paintbrush-1-2048x957.jpg 2048w\" sizes=\"auto, (max-width: 2560px) 100vw, 2560px\" \/><\/p>\n<p style=\"text-align: justify;\"><strong>Opis:<\/strong>\u00a0wodorozcie\u0144czalny, transparentny preparat akrylowy\u00a0<strong>stanowi\u0105cy dodatek, wyd\u0142u\u017caj\u0105cy \u201eczas otwarcia\u201d i schni\u0119cia wodorozcie\u0144czalnych farb lateksowych koncernu Benjamin Moore &amp; Co., przeznaczonych do zastosowa\u0144 wewn\u0119trznych i zewn\u0119trznych.<br \/>\n<\/strong>Extender 518 mo\u017ce pe\u0142ni\u0107 rol\u0119 rozcie\u0144czalnika.<\/p>\n","protected":false},"excerpt":{"rendered":"<p style=\"text-align: justify;\">Wodorozcie\u0144czalny preparat akrylowy, wyd\u0142u\u017caj\u0105cy czas schni\u0119cia farb lateksowych.<\/p>\n","protected":false},"featured_media":3647,"template":"","meta":{"_acf_changed":false,"inline_featured_image":false},"product_brand":[],"product_cat":[28],"product_tag":[],"class_list":{"0":"post-624","1":"product","2":"type-product","3":"status-publish","4":"has-post-thumbnail","6":"product_cat-wnetrza","8":"first","9":"instock","10":"taxable","11":"shipping-taxable","12":"purchasable","13":"product-type-variable"},"acf":[],"yoast_head":"<!-- This site is optimized with the Yoast SEO plugin v27.3 - https:\/\/yoast.com\/product\/yoast-seo-wordpress\/ -->\n<title>Extender 518 - Benjamin Moore Paints<\/title>\n<meta name=\"robots\" content=\"index, follow, max-snippet:-1, max-image-preview:large, max-video-preview:-1\" \/>\n<link rel=\"canonical\" href=\"https:\/\/benjaminmoore.pl\/produkt\/extender-518\/\" \/>\n<meta property=\"og:locale\" content=\"en_US\" \/>\n<meta property=\"og:type\" content=\"article\" \/>\n<meta property=\"og:title\" content=\"Extender 518 - Benjamin Moore Paints\" \/>\n<meta property=\"og:description\" content=\"Wodorozcie\u0144czalny preparat akrylowy, wyd\u0142u\u017caj\u0105cy czas schni\u0119cia farb lateksowych.\" \/>\n<meta property=\"og:url\" content=\"https:\/\/benjaminmoore.pl\/produkt\/extender-518\/\" \/>\n<meta property=\"og:site_name\" content=\"Benjamin Moore Paints\" \/>\n<meta property=\"article:modified_time\" content=\"2026-03-27T13:13:25+00:00\" \/>\n<meta property=\"og:image\" content=\"https:\/\/benjaminmoore.pl\/wp-content\/uploads\/0518_Extender_gal_US.png\" \/>\n\t<meta property=\"og:image:width\" content=\"200\" \/>\n\t<meta property=\"og:image:height\" content=\"275\" \/>\n\t<meta property=\"og:image:type\" content=\"image\/png\" \/>\n<meta name=\"twitter:card\" content=\"summary_large_image\" \/>\n<meta name=\"twitter:label1\" content=\"Est. reading time\" \/>\n\t<meta name=\"twitter:data1\" content=\"2 minutes\" \/>\n<script type=\"application\/ld+json\" class=\"yoast-schema-graph\">{\"@context\":\"https:\\\/\\\/schema.org\",\"@graph\":[{\"@type\":\"WebPage\",\"@id\":\"https:\\\/\\\/benjaminmoore.pl\\\/produkt\\\/extender-518\\\/\",\"url\":\"https:\\\/\\\/benjaminmoore.pl\\\/produkt\\\/extender-518\\\/\",\"name\":\"Extender 518 - Benjamin Moore Paints\",\"isPartOf\":{\"@id\":\"https:\\\/\\\/benjaminmoore.pl\\\/#website\"},\"primaryImageOfPage\":{\"@id\":\"https:\\\/\\\/benjaminmoore.pl\\\/produkt\\\/extender-518\\\/#primaryimage\"},\"image\":{\"@id\":\"https:\\\/\\\/benjaminmoore.pl\\\/produkt\\\/extender-518\\\/#primaryimage\"},\"thumbnailUrl\":\"https:\\\/\\\/benjaminmoore.pl\\\/wp-content\\\/uploads\\\/0518_Extender_gal_US.png\",\"datePublished\":\"2021-06-27T07:06:27+00:00\",\"dateModified\":\"2026-03-27T13:13:25+00:00\",\"breadcrumb\":{\"@id\":\"https:\\\/\\\/benjaminmoore.pl\\\/produkt\\\/extender-518\\\/#breadcrumb\"},\"inLanguage\":\"en-US\",\"potentialAction\":[{\"@type\":\"ReadAction\",\"target\":[\"https:\\\/\\\/benjaminmoore.pl\\\/produkt\\\/extender-518\\\/\"]}]},{\"@type\":\"ImageObject\",\"inLanguage\":\"en-US\",\"@id\":\"https:\\\/\\\/benjaminmoore.pl\\\/produkt\\\/extender-518\\\/#primaryimage\",\"url\":\"https:\\\/\\\/benjaminmoore.pl\\\/wp-content\\\/uploads\\\/0518_Extender_gal_US.png\",\"contentUrl\":\"https:\\\/\\\/benjaminmoore.pl\\\/wp-content\\\/uploads\\\/0518_Extender_gal_US.png\",\"width\":200,\"height\":275},{\"@type\":\"BreadcrumbList\",\"@id\":\"https:\\\/\\\/benjaminmoore.pl\\\/produkt\\\/extender-518\\\/#breadcrumb\",\"itemListElement\":[{\"@type\":\"ListItem\",\"position\":1,\"name\":\"Home\",\"item\":\"https:\\\/\\\/benjaminmoore.pl\\\/\"},{\"@type\":\"ListItem\",\"position\":2,\"name\":\"Sklep\",\"item\":\"https:\\\/\\\/benjaminmoore.pl\\\/sklep\\\/\"},{\"@type\":\"ListItem\",\"position\":3,\"name\":\"Wn\u0119trza\",\"item\":\"https:\\\/\\\/benjaminmoore.pl\\\/kategoria-produktu\\\/wnetrza\\\/\"},{\"@type\":\"ListItem\",\"position\":4,\"name\":\"Extender 518\"}]},{\"@type\":\"WebSite\",\"@id\":\"https:\\\/\\\/benjaminmoore.pl\\\/#website\",\"url\":\"https:\\\/\\\/benjaminmoore.pl\\\/\",\"name\":\"Benjamin Moore Paints\",\"description\":\"\",\"potentialAction\":[{\"@type\":\"SearchAction\",\"target\":{\"@type\":\"EntryPoint\",\"urlTemplate\":\"https:\\\/\\\/benjaminmoore.pl\\\/?s={search_term_string}\"},\"query-input\":{\"@type\":\"PropertyValueSpecification\",\"valueRequired\":true,\"valueName\":\"search_term_string\"}}],\"inLanguage\":\"en-US\"}]}<\/script>\n<!-- \/ Yoast SEO plugin. -->","yoast_head_json":{"title":"Extender 518 - Benjamin Moore Paints","robots":{"index":"index","follow":"follow","max-snippet":"max-snippet:-1","max-image-preview":"max-image-preview:large","max-video-preview":"max-video-preview:-1"},"canonical":"https:\/\/benjaminmoore.pl\/produkt\/extender-518\/","og_locale":"en_US","og_type":"article","og_title":"Extender 518 - Benjamin Moore Paints","og_description":"Wodorozcie\u0144czalny preparat akrylowy, wyd\u0142u\u017caj\u0105cy czas schni\u0119cia farb lateksowych.","og_url":"https:\/\/benjaminmoore.pl\/produkt\/extender-518\/","og_site_name":"Benjamin Moore Paints","article_modified_time":"2026-03-27T13:13:25+00:00","og_image":[{"width":200,"height":275,"url":"https:\/\/benjaminmoore.pl\/wp-content\/uploads\/0518_Extender_gal_US.png","type":"image\/png"}],"twitter_card":"summary_large_image","twitter_misc":{"Est. reading time":"2 minutes"},"schema":{"@context":"https:\/\/schema.org","@graph":[{"@type":"WebPage","@id":"https:\/\/benjaminmoore.pl\/produkt\/extender-518\/","url":"https:\/\/benjaminmoore.pl\/produkt\/extender-518\/","name":"Extender 518 - Benjamin Moore Paints","isPartOf":{"@id":"https:\/\/benjaminmoore.pl\/#website"},"primaryImageOfPage":{"@id":"https:\/\/benjaminmoore.pl\/produkt\/extender-518\/#primaryimage"},"image":{"@id":"https:\/\/benjaminmoore.pl\/produkt\/extender-518\/#primaryimage"},"thumbnailUrl":"https:\/\/benjaminmoore.pl\/wp-content\/uploads\/0518_Extender_gal_US.png","datePublished":"2021-06-27T07:06:27+00:00","dateModified":"2026-03-27T13:13:25+00:00","breadcrumb":{"@id":"https:\/\/benjaminmoore.pl\/produkt\/extender-518\/#breadcrumb"},"inLanguage":"en-US","potentialAction":[{"@type":"ReadAction","target":["https:\/\/benjaminmoore.pl\/produkt\/extender-518\/"]}]},{"@type":"ImageObject","inLanguage":"en-US","@id":"https:\/\/benjaminmoore.pl\/produkt\/extender-518\/#primaryimage","url":"https:\/\/benjaminmoore.pl\/wp-content\/uploads\/0518_Extender_gal_US.png","contentUrl":"https:\/\/benjaminmoore.pl\/wp-content\/uploads\/0518_Extender_gal_US.png","width":200,"height":275},{"@type":"BreadcrumbList","@id":"https:\/\/benjaminmoore.pl\/produkt\/extender-518\/#breadcrumb","itemListElement":[{"@type":"ListItem","position":1,"name":"Home","item":"https:\/\/benjaminmoore.pl\/"},{"@type":"ListItem","position":2,"name":"Sklep","item":"https:\/\/benjaminmoore.pl\/sklep\/"},{"@type":"ListItem","position":3,"name":"Wn\u0119trza","item":"https:\/\/benjaminmoore.pl\/kategoria-produktu\/wnetrza\/"},{"@type":"ListItem","position":4,"name":"Extender 518"}]},{"@type":"WebSite","@id":"https:\/\/benjaminmoore.pl\/#website","url":"https:\/\/benjaminmoore.pl\/","name":"Benjamin Moore Paints","description":"","potentialAction":[{"@type":"SearchAction","target":{"@type":"EntryPoint","urlTemplate":"https:\/\/benjaminmoore.pl\/?s={search_term_string}"},"query-input":{"@type":"PropertyValueSpecification","valueRequired":true,"valueName":"search_term_string"}}],"inLanguage":"en-US"}]}},"_links":{"self":[{"href":"https:\/\/benjaminmoore.pl\/en\/wp-json\/wp\/v2\/product\/624","targetHints":{"allow":["GET"]}}],"collection":[{"href":"https:\/\/benjaminmoore.pl\/en\/wp-json\/wp\/v2\/product"}],"about":[{"href":"https:\/\/benjaminmoore.pl\/en\/wp-json\/wp\/v2\/types\/product"}],"wp:featuredmedia":[{"embeddable":true,"href":"https:\/\/benjaminmoore.pl\/en\/wp-json\/wp\/v2\/media\/3647"}],"wp:attachment":[{"href":"https:\/\/benjaminmoore.pl\/en\/wp-json\/wp\/v2\/media?parent=624"}],"wp:term":[{"taxonomy":"product_brand","embeddable":true,"href":"https:\/\/benjaminmoore.pl\/en\/wp-json\/wp\/v2\/product_brand?post=624"},{"taxonomy":"product_cat","embeddable":true,"href":"https:\/\/benjaminmoore.pl\/en\/wp-json\/wp\/v2\/product_cat?post=624"},{"taxonomy":"product_tag","embeddable":true,"href":"https:\/\/benjaminmoore.pl\/en\/wp-json\/wp\/v2\/product_tag?post=624"}],"curies":[{"name":"wp","href":"https:\/\/api.w.org\/{rel}","templated":true}]}}